{"id":49,"date":"2021-02-01T20:54:35","date_gmt":"2021-02-01T20:54:35","guid":{"rendered":"https:\/\/md.brucom.ch\/?page_id=49"},"modified":"2021-02-11T20:59:40","modified_gmt":"2021-02-11T20:59:40","slug":"ueber-mich","status":"publish","type":"page","link":"https:\/\/md-naturephotography.ch\/?page_id=49","title":{"rendered":"\u00dcber mich."},"content":{"rendered":"\n<p class=\"has-text-align-left\"><strong>Michael Dellsperger Naturfotografie.<\/strong> <strong>Willkommen auf meiner Homepage!<\/strong><\/p>\n\n\n\n<p class=\"has-text-align-left\">Die Fotografie ist mein Hobby und verbindet meine Faszination f\u00fcr die Natur, das Bed\u00fcrfnis nach Bewegung und das Gef\u00fchl von Freiheit. Daraus entstehen Bilder von Tieren, Objekten und Landschaften. Ob in der Schweiz oder auf Reisen auf der ganzen Welt, \u00fcberall lassen sich mit Ausdauer und Kreativit\u00e4t sch\u00f6ne Momente einfangen und es entstehen wunderbare Bilder. <\/p>\n\n\n\n<p>Ich freue mich hier auf dieser Homepage dir meine Bilder zu zeigen und hoffe dich daf\u00fcr begeistern zu k\u00f6nnen. Tauche in die Welt der Landschaften, Tiere und den Details der wunderbaren Natur ein und geniesse den Moment.<\/p>\n\n\n\n<p>Bei Interesse an meinen Bildern freue ich mich \u00fcber eine <a href=\"https:\/\/md-naturephotography.ch\/?page_id=30\">Kontaktaufnahme.<\/a><\/p>\n\n\n\n<div class=\"wp-block-image\"><figure class=\"aligncenter size-large\"><img loading=\"lazy\" decoding=\"async\" width=\"1024\" height=\"768\" src=\"https:\/\/md-naturephotography.ch\/wp-content\/uploads\/2021\/02\/IMG_7070-1024x768.jpg\" alt=\"\" class=\"wp-image-174\" srcset=\"https:\/\/md-naturephotography.ch\/wp-content\/uploads\/2021\/02\/IMG_7070-1024x768.jpg 1024w, https:\/\/md-naturephotography.ch\/wp-content\/uploads\/2021\/02\/IMG_7070-300x225.jpg 300w, https:\/\/md-naturephotography.ch\/wp-content\/uploads\/2021\/02\/IMG_7070-768x576.jpg 768w, https:\/\/md-naturephotography.ch\/wp-content\/uploads\/2021\/02\/IMG_7070-1536x1152.jpg 1536w, https:\/\/md-naturephotography.ch\/wp-content\/uploads\/2021\/02\/IMG_7070-2048x1536.jpg 2048w\" sizes=\"auto, (max-width: 1024px) 100vw, 1024px\" \/><\/figure><\/div>\n","protected":false},"excerpt":{"rendered":"<p>Michael Dellsperger Naturfotografie. Willkommen auf meiner Homepage! Die Fotografie ist mein Hobby und verbindet meine Faszination f\u00fcr die Natur, das Bed\u00fcrfnis nach Bewegung und das Gef\u00fchl von Freiheit. Daraus entstehen Bilder von Tieren, Objekten und Landschaften. Ob in der Schweiz oder auf Reisen auf der ganzen Welt, \u00fcberall lassen sich mit Ausdauer und Kreativit\u00e4t sch\u00f6ne&hellip;&nbsp;<a href=\"https:\/\/md-naturephotography.ch\/?page_id=49\" rel=\"bookmark\">Weiterlesen &raquo;<span class=\"screen-reader-text\">\u00dcber mich.<\/span><\/a><\/p>\n","protected":false},"author":1,"featured_media":174,"parent":0,"menu_order":0,"comment_status":"closed","ping_status":"closed","template":"","meta":{"om_disable_all_campaigns":false,"_monsterinsights_skip_tracking":false,"_monsterinsights_sitenote_active":false,"_monsterinsights_sitenote_note":"","_monsterinsights_sitenote_category":0,"neve_meta_sidebar":"","neve_meta_container":"","neve_meta_enable_content_width":"","neve_meta_content_width":0,"neve_meta_title_alignment":"","neve_meta_author_avatar":"","neve_post_elements_order":"","neve_meta_disable_header":"","neve_meta_disable_footer":"","neve_meta_disable_title":"","footnotes":""},"class_list":["post-49","page","type-page","status-publish","has-post-thumbnail","hentry"],"yoast_head":"<!-- This site is optimized with the Yoast SEO plugin v26.6 - https:\/\/yoast.com\/wordpress\/plugins\/seo\/ -->\n<title>\u00dcber mich. - md naturephotography<\/title>\n<meta name=\"robots\" content=\"index, follow, max-snippet:-1, max-image-preview:large, max-video-preview:-1\" \/>\n<link rel=\"canonical\" href=\"https:\/\/md-naturephotography.ch\/?page_id=49\" \/>\n<meta property=\"og:locale\" content=\"de_DE\" \/>\n<meta property=\"og:type\" content=\"article\" \/>\n<meta property=\"og:title\" content=\"\u00dcber mich. - md naturephotography\" \/>\n<meta property=\"og:description\" content=\"Michael Dellsperger Naturfotografie. Willkommen auf meiner Homepage! Die Fotografie ist mein Hobby und verbindet meine Faszination f\u00fcr die Natur, das Bed\u00fcrfnis nach Bewegung und das Gef\u00fchl von Freiheit. Daraus entstehen Bilder von Tieren, Objekten und Landschaften. Ob in der Schweiz oder auf Reisen auf der ganzen Welt, \u00fcberall lassen sich mit Ausdauer und Kreativit\u00e4t sch\u00f6ne&hellip;&nbsp;Weiterlesen &raquo;\u00dcber mich.\" \/>\n<meta property=\"og:url\" content=\"https:\/\/md-naturephotography.ch\/?page_id=49\" \/>\n<meta property=\"og:site_name\" content=\"md naturephotography\" \/>\n<meta property=\"article:modified_time\" content=\"2021-02-11T20:59:40+00:00\" \/>\n<meta property=\"og:image\" content=\"https:\/\/md-naturephotography.ch\/wp-content\/uploads\/2021\/02\/IMG_7070-scaled.jpg\" \/>\n\t<meta property=\"og:image:width\" content=\"2560\" \/>\n\t<meta property=\"og:image:height\" content=\"1920\" \/>\n\t<meta property=\"og:image:type\" content=\"image\/jpeg\" \/>\n<meta name=\"twitter:card\" content=\"summary_large_image\" \/>\n<meta name=\"twitter:label1\" content=\"Gesch\u00e4tzte Lesezeit\" \/>\n\t<meta name=\"twitter:data1\" content=\"1\u00a0Minute\" \/>\n<script type=\"application\/ld+json\" class=\"yoast-schema-graph\">{\"@context\":\"https:\/\/schema.org\",\"@graph\":[{\"@type\":[\"WebPage\",\"AboutPage\"],\"@id\":\"https:\/\/md-naturephotography.ch\/?page_id=49\",\"url\":\"https:\/\/md-naturephotography.ch\/?page_id=49\",\"name\":\"\u00dcber mich. - md naturephotography\",\"isPartOf\":{\"@id\":\"https:\/\/md-naturephotography.ch\/#website\"},\"primaryImageOfPage\":{\"@id\":\"https:\/\/md-naturephotography.ch\/?page_id=49#primaryimage\"},\"image\":{\"@id\":\"https:\/\/md-naturephotography.ch\/?page_id=49#primaryimage\"},\"thumbnailUrl\":\"https:\/\/md-naturephotography.ch\/wp-content\/uploads\/2021\/02\/IMG_7070-scaled.jpg\",\"datePublished\":\"2021-02-01T20:54:35+00:00\",\"dateModified\":\"2021-02-11T20:59:40+00:00\",\"breadcrumb\":{\"@id\":\"https:\/\/md-naturephotography.ch\/?page_id=49#breadcrumb\"},\"inLanguage\":\"de\",\"potentialAction\":[{\"@type\":\"ReadAction\",\"target\":[\"https:\/\/md-naturephotography.ch\/?page_id=49\"]}]},{\"@type\":\"ImageObject\",\"inLanguage\":\"de\",\"@id\":\"https:\/\/md-naturephotography.ch\/?page_id=49#primaryimage\",\"url\":\"https:\/\/md-naturephotography.ch\/wp-content\/uploads\/2021\/02\/IMG_7070-scaled.jpg\",\"contentUrl\":\"https:\/\/md-naturephotography.ch\/wp-content\/uploads\/2021\/02\/IMG_7070-scaled.jpg\",\"width\":2560,\"height\":1920},{\"@type\":\"BreadcrumbList\",\"@id\":\"https:\/\/md-naturephotography.ch\/?page_id=49#breadcrumb\",\"itemListElement\":[{\"@type\":\"ListItem\",\"position\":1,\"name\":\"Home\",\"item\":\"https:\/\/md-naturephotography.ch\/\"},{\"@type\":\"ListItem\",\"position\":2,\"name\":\"\u00dcber mich.\"}]},{\"@type\":\"WebSite\",\"@id\":\"https:\/\/md-naturephotography.ch\/#website\",\"url\":\"https:\/\/md-naturephotography.ch\/\",\"name\":\"md naturephotography\",\"description\":\"Natur. Freiheit. Fotografie.\",\"publisher\":{\"@id\":\"https:\/\/md-naturephotography.ch\/#organization\"},\"potentialAction\":[{\"@type\":\"SearchAction\",\"target\":{\"@type\":\"EntryPoint\",\"urlTemplate\":\"https:\/\/md-naturephotography.ch\/?s={search_term_string}\"},\"query-input\":{\"@type\":\"PropertyValueSpecification\",\"valueRequired\":true,\"valueName\":\"search_term_string\"}}],\"inLanguage\":\"de\"},{\"@type\":\"Organization\",\"@id\":\"https:\/\/md-naturephotography.ch\/#organization\",\"name\":\"md naturephotography\",\"url\":\"https:\/\/md-naturephotography.ch\/\",\"logo\":{\"@type\":\"ImageObject\",\"inLanguage\":\"de\",\"@id\":\"https:\/\/md-naturephotography.ch\/#\/schema\/logo\/image\/\",\"url\":\"https:\/\/md-naturephotography.ch\/wp-content\/uploads\/2021\/02\/cropped-cropped-cropped-cropped-cropped-cropped-cropped-Logo_HP-1-1.png\",\"contentUrl\":\"https:\/\/md-naturephotography.ch\/wp-content\/uploads\/2021\/02\/cropped-cropped-cropped-cropped-cropped-cropped-cropped-Logo_HP-1-1.png\",\"width\":2093,\"height\":250,\"caption\":\"md naturephotography\"},\"image\":{\"@id\":\"https:\/\/md-naturephotography.ch\/#\/schema\/logo\/image\/\"}}]}<\/script>\n<!-- \/ Yoast SEO plugin. -->","yoast_head_json":{"title":"\u00dcber mich. - md naturephotography","robots":{"index":"index","follow":"follow","max-snippet":"max-snippet:-1","max-image-preview":"max-image-preview:large","max-video-preview":"max-video-preview:-1"},"canonical":"https:\/\/md-naturephotography.ch\/?page_id=49","og_locale":"de_DE","og_type":"article","og_title":"\u00dcber mich. - md naturephotography","og_description":"Michael Dellsperger Naturfotografie. Willkommen auf meiner Homepage! Die Fotografie ist mein Hobby und verbindet meine Faszination f\u00fcr die Natur, das Bed\u00fcrfnis nach Bewegung und das Gef\u00fchl von Freiheit. Daraus entstehen Bilder von Tieren, Objekten und Landschaften. Ob in der Schweiz oder auf Reisen auf der ganzen Welt, \u00fcberall lassen sich mit Ausdauer und Kreativit\u00e4t sch\u00f6ne&hellip;&nbsp;Weiterlesen &raquo;\u00dcber mich.","og_url":"https:\/\/md-naturephotography.ch\/?page_id=49","og_site_name":"md naturephotography","article_modified_time":"2021-02-11T20:59:40+00:00","og_image":[{"width":2560,"height":1920,"url":"https:\/\/md-naturephotography.ch\/wp-content\/uploads\/2021\/02\/IMG_7070-scaled.jpg","type":"image\/jpeg"}],"twitter_card":"summary_large_image","twitter_misc":{"Gesch\u00e4tzte Lesezeit":"1\u00a0Minute"},"schema":{"@context":"https:\/\/schema.org","@graph":[{"@type":["WebPage","AboutPage"],"@id":"https:\/\/md-naturephotography.ch\/?page_id=49","url":"https:\/\/md-naturephotography.ch\/?page_id=49","name":"\u00dcber mich. - md naturephotography","isPartOf":{"@id":"https:\/\/md-naturephotography.ch\/#website"},"primaryImageOfPage":{"@id":"https:\/\/md-naturephotography.ch\/?page_id=49#primaryimage"},"image":{"@id":"https:\/\/md-naturephotography.ch\/?page_id=49#primaryimage"},"thumbnailUrl":"https:\/\/md-naturephotography.ch\/wp-content\/uploads\/2021\/02\/IMG_7070-scaled.jpg","datePublished":"2021-02-01T20:54:35+00:00","dateModified":"2021-02-11T20:59:40+00:00","breadcrumb":{"@id":"https:\/\/md-naturephotography.ch\/?page_id=49#breadcrumb"},"inLanguage":"de","potentialAction":[{"@type":"ReadAction","target":["https:\/\/md-naturephotography.ch\/?page_id=49"]}]},{"@type":"ImageObject","inLanguage":"de","@id":"https:\/\/md-naturephotography.ch\/?page_id=49#primaryimage","url":"https:\/\/md-naturephotography.ch\/wp-content\/uploads\/2021\/02\/IMG_7070-scaled.jpg","contentUrl":"https:\/\/md-naturephotography.ch\/wp-content\/uploads\/2021\/02\/IMG_7070-scaled.jpg","width":2560,"height":1920},{"@type":"BreadcrumbList","@id":"https:\/\/md-naturephotography.ch\/?page_id=49#breadcrumb","itemListElement":[{"@type":"ListItem","position":1,"name":"Home","item":"https:\/\/md-naturephotography.ch\/"},{"@type":"ListItem","position":2,"name":"\u00dcber mich."}]},{"@type":"WebSite","@id":"https:\/\/md-naturephotography.ch\/#website","url":"https:\/\/md-naturephotography.ch\/","name":"md naturephotography","description":"Natur. Freiheit. Fotografie.","publisher":{"@id":"https:\/\/md-naturephotography.ch\/#organization"},"potentialAction":[{"@type":"SearchAction","target":{"@type":"EntryPoint","urlTemplate":"https:\/\/md-naturephotography.ch\/?s={search_term_string}"},"query-input":{"@type":"PropertyValueSpecification","valueRequired":true,"valueName":"search_term_string"}}],"inLanguage":"de"},{"@type":"Organization","@id":"https:\/\/md-naturephotography.ch\/#organization","name":"md naturephotography","url":"https:\/\/md-naturephotography.ch\/","logo":{"@type":"ImageObject","inLanguage":"de","@id":"https:\/\/md-naturephotography.ch\/#\/schema\/logo\/image\/","url":"https:\/\/md-naturephotography.ch\/wp-content\/uploads\/2021\/02\/cropped-cropped-cropped-cropped-cropped-cropped-cropped-Logo_HP-1-1.png","contentUrl":"https:\/\/md-naturephotography.ch\/wp-content\/uploads\/2021\/02\/cropped-cropped-cropped-cropped-cropped-cropped-cropped-Logo_HP-1-1.png","width":2093,"height":250,"caption":"md naturephotography"},"image":{"@id":"https:\/\/md-naturephotography.ch\/#\/schema\/logo\/image\/"}}]}},"_links":{"self":[{"href":"https:\/\/md-naturephotography.ch\/index.php?rest_route=\/wp\/v2\/pages\/49","targetHints":{"allow":["GET"]}}],"collection":[{"href":"https:\/\/md-naturephotography.ch\/index.php?rest_route=\/wp\/v2\/pages"}],"about":[{"href":"https:\/\/md-naturephotography.ch\/index.php?rest_route=\/wp\/v2\/types\/page"}],"author":[{"embeddable":true,"href":"https:\/\/md-naturephotography.ch\/index.php?rest_route=\/wp\/v2\/users\/1"}],"replies":[{"embeddable":true,"href":"https:\/\/md-naturephotography.ch\/index.php?rest_route=%2Fwp%2Fv2%2Fcomments&post=49"}],"version-history":[{"count":9,"href":"https:\/\/md-naturephotography.ch\/index.php?rest_route=\/wp\/v2\/pages\/49\/revisions"}],"predecessor-version":[{"id":286,"href":"https:\/\/md-naturephotography.ch\/index.php?rest_route=\/wp\/v2\/pages\/49\/revisions\/286"}],"wp:featuredmedia":[{"embeddable":true,"href":"https:\/\/md-naturephotography.ch\/index.php?rest_route=\/wp\/v2\/media\/174"}],"wp:attachment":[{"href":"https:\/\/md-naturephotography.ch\/index.php?rest_route=%2Fwp%2Fv2%2Fmedia&parent=49"}],"curies":[{"name":"wp","href":"https:\/\/api.w.org\/{rel}","templated":true}]}}